{"id":76,"date":"2020-04-02T10:23:30","date_gmt":"2020-04-02T10:23:30","guid":{"rendered":"http:\/\/s-calade.de\/?page_id=76"},"modified":"2023-09-04T07:37:57","modified_gmt":"2023-09-04T07:37:57","slug":"impressum","status":"publish","type":"page","link":"https:\/\/s-calade.de\/?page_id=76","title":{"rendered":"Impressum"},"content":{"rendered":"<div data-colibri-id=\"76-c1\" class=\"style-284 style-local-76-c1 position-relative\">\n  <!---->\n  <div data-colibri-component=\"section\" data-colibri-id=\"76-c2\" id=\"custom\" class=\"h-section h-section-global-spacing d-flex align-items-lg-center align-items-md-center align-items-center style-285 style-local-76-c2 position-relative\">\n    <!---->\n    <!---->\n    <div class=\"h-section-grid-container h-section-boxed-container\">\n      <!---->\n      <div data-colibri-id=\"76-c3\" class=\"h-row-container gutters-row-lg-2 gutters-row-md-2 gutters-row-0 gutters-row-v-lg-2 gutters-row-v-md-2 gutters-row-v-2 style-286 style-local-76-c3 position-relative\">\n        <!---->\n        <div class=\"h-row justify-content-lg-center justify-content-md-center justify-content-center align-items-lg-stretch align-items-md-stretch align-items-stretch gutters-col-lg-2 gutters-col-md-2 gutters-col-0 gutters-col-v-lg-2 gutters-col-v-md-2 gutters-col-v-2\">\n          <!---->\n          <div class=\"h-column h-column-container d-flex h-col-lg-auto h-col-md-auto h-col-auto style-287-outer style-local-76-c4-outer\">\n            <div data-colibri-id=\"76-c4\" class=\"d-flex h-flex-basis h-column__inner h-px-lg-2 h-px-md-2 h-px-2 v-inner-lg-2 v-inner-md-2 v-inner-2 style-287 style-local-76-c4 position-relative\">\n              <!---->\n              <!---->\n              <div class=\"w-100 h-y-container h-column__content h-column__v-align flex-basis-100 align-self-lg-start align-self-md-start align-self-start\">\n                <!---->\n                <div data-colibri-id=\"76-c5\" class=\"h-text h-text-component style-288 style-local-76-c5 position-relative h-element\">\n                  <!---->\n                  <!---->\n                  <div class=\"\">\n                    <p><strong style=\"font-family: Calibri, Calibri_EmbeddedFont, Calibri_MSFontService, sans-serif; font-size: 11pt;\">Angaben gem\u00e4\u00df \u00a7 5 TMG:<\/strong><span style=\"font-family: Calibri, Calibri_EmbeddedFont, Calibri_MSFontService, sans-serif; font-size: 11pt;\">&nbsp;<\/span><\/p>\n                    <p><span style=\"font-family: Calibri, Calibri_EmbeddedFont, Calibri_MSFontService, sans-serif; font-size: 11pt;\">S-Calade&nbsp;Ventures GmbH&nbsp;<\/span><\/p>\n                    <p><span style=\"font-family: Calibri, Calibri_EmbeddedFont, Calibri_MSFontService, sans-serif; font-size: 11pt;\">Goerzallee 299<\/span><\/p>\n                    <p><span style=\"font-family: Calibri, Calibri_EmbeddedFont, Calibri_MSFontService, sans-serif; font-size: 11pt;\">14167 Berlin&nbsp;<\/span><\/p>\n                    <p><span style=\"font-family: Calibri, Calibri_EmbeddedFont, Calibri_MSFontService, sans-serif; font-size: 11pt;\">&nbsp;<\/span><\/p>\n                    <p><strong style=\"font-family: Calibri, Calibri_EmbeddedFont, Calibri_MSFontService, sans-serif; font-size: 11pt;\">Vertreten durch:<\/strong><span style=\"font-family: Calibri, Calibri_EmbeddedFont, Calibri_MSFontService, sans-serif; font-size: 11pt;\">&nbsp;<\/span><\/p>\n                    <p><span style=\"font-family: Calibri, Calibri_EmbeddedFont, Calibri_MSFontService, sans-serif; font-size: 11pt;\">Gesch\u00e4ftsf\u00fchrer: Silvio von Kr\u00fcchten&nbsp;<\/span><\/p>\n                    <p><span style=\"font-family: Calibri, Calibri_EmbeddedFont, Calibri_MSFontService, sans-serif; font-size: 11pt;\">&nbsp;<\/span><\/p>\n                    <p><strong style=\"font-family: Calibri, Calibri_EmbeddedFont, Calibri_MSFontService, sans-serif; font-size: 11pt;\">Kontakt<\/strong><span style=\"font-family: Calibri, Calibri_EmbeddedFont, Calibri_MSFontService, sans-serif; font-size: 11pt;\">:&nbsp;<\/span><\/p>\n                    <p><span style=\"font-family: Calibri, Calibri_EmbeddedFont, Calibri_MSFontService, sans-serif; font-size: 11pt;\">Email:&nbsp;info@s-calade.de&nbsp;<\/span><\/p>\n                    <p><span style=\"font-family: Calibri, Calibri_EmbeddedFont, Calibri_MSFontService, sans-serif; font-size: 11pt;\">Telefon:&nbsp;+49&nbsp;<\/span><span style=\"font-family: Helvetica, Helvetica_EmbeddedFont, Helvetica_MSFontService, sans-serif; font-size: 10.5pt; color: rgb(34, 34, 34);\">(0)&nbsp;30 23324268<\/span>\n                      <span\n                        style=\"font-family: Helvetica, Helvetica_EmbeddedFont, Helvetica_MSFontService, sans-serif; font-size: 10.5pt;\">&nbsp;<\/span>\n                    <\/p>\n                    <p><span style=\"font-family: Calibri, Calibri_EmbeddedFont, Calibri_MSFontService, sans-serif; font-size: 11pt;\">&nbsp;<\/span><\/p>\n                    <p><span style=\"font-family: Calibri, Calibri_EmbeddedFont, Calibri_MSFontService, sans-serif; font-size: 11pt;\">R<\/span><strong style=\"font-family: Calibri, Calibri_EmbeddedFont, Calibri_MSFontService, sans-serif; font-size: 11pt;\">egistereintrag:<\/strong>\n                      <span\n                        style=\"font-family: Calibri, Calibri_EmbeddedFont, Calibri_MSFontService, sans-serif; font-size: 11pt;\">&nbsp;<\/span>\n                    <\/p>\n                    <p><span style=\"font-family: Calibri, Calibri_EmbeddedFont, Calibri_MSFontService, sans-serif; font-size: 11pt;\">HRB-Nr.:&nbsp;HRB 146612 B&nbsp;&nbsp;<\/span><\/p>\n                    <p><span style=\"font-family: Calibri, Calibri_EmbeddedFont, Calibri_MSFontService, sans-serif; font-size: 11pt;\">Umsatzsteuer-ID:&nbsp;DE 321353423&nbsp;<\/span><\/p>\n                    <p><span style=\"font-family: Calibri, Calibri_EmbeddedFont, Calibri_MSFontService, sans-serif; font-size: 11pt;\">&nbsp;<\/span><\/p>\n                    <p><strong style=\"font-family: Calibri, Calibri_EmbeddedFont, Calibri_MSFontService, sans-serif; font-size: 11pt;\">Verantwortlich f\u00fcr den Inhalt nach \u00a7 55 Abs. 2 RStV:<\/strong><span style=\"font-family: Calibri, Calibri_EmbeddedFont, Calibri_MSFontService, sans-serif; font-size: 11pt;\">&nbsp;<\/span><\/p>\n                    <p><span style=\"font-family: Calibri, Calibri_EmbeddedFont, Calibri_MSFontService, sans-serif; font-size: 11pt;\">&nbsp;<\/span><\/p>\n                    <p><span style=\"font-family: Calibri, Calibri_EmbeddedFont, Calibri_MSFontService, sans-serif; font-size: 11pt;\">Silvio von Kr\u00fcchten&nbsp;<\/span><\/p>\n                    <p><span style=\"font-family: Calibri, Calibri_EmbeddedFont, Calibri_MSFontService, sans-serif; font-size: 11pt;\">S-Calade&nbsp;Ventures GmbH&nbsp;<\/span><\/p>\n                    <p><span style=\"font-family: Calibri, Calibri_EmbeddedFont, Calibri_MSFontService, sans-serif; font-size: 11pt;\">Goerzallee 299&nbsp;<\/span><\/p>\n                    <p><span style=\"font-family: Calibri, Calibri_EmbeddedFont, Calibri_MSFontService, sans-serif; font-size: 11pt;\">14167 Berlin&nbsp;<\/span><\/p>\n                    <p><span style=\"font-family: Calibri, Calibri_EmbeddedFont, Calibri_MSFontService, sans-serif; font-size: 11pt;\">&nbsp;<\/span><\/p>\n                    <p>\n                      <br>\n                    <\/p>\n                    <p><strong style=\"font-family: Calibri, Calibri_EmbeddedFont, Calibri_MSFontService, sans-serif; font-size: 11pt;\">Rechtliche Hinweise zur Webseite<\/strong><span style=\"font-family: Calibri, Calibri_EmbeddedFont, Calibri_MSFontService, sans-serif; font-size: 11pt;\">&nbsp;<\/span><\/p>\n                    <p><span style=\"font-family: Calibri, Calibri_EmbeddedFont, Calibri_MSFontService, sans-serif; font-size: 11pt;\">&nbsp;<\/span><\/p>\n                    <p><span style=\"font-family: Calibri, Calibri_EmbeddedFont, Calibri_MSFontService, sans-serif; font-size: 11pt;\">Alle Texte, Bilder und weiter hier ver\u00f6ffentlichten Informationen unterliegen dem Urheberrecht des Anbieters, soweit nicht Urheberrechte Dritter bestehen. In jedem Fall ist eine Vervielf\u00e4ltigung, Verbreitung oder \u00f6ffentliche Wiedergabe ausschlie\u00dflich im Falle einer widerruflichen und nicht \u00fcbertragbaren Zustimmung des Anbieters gestattet.&nbsp;<\/span><\/p>\n                    <p><span style=\"font-family: Calibri, Calibri_EmbeddedFont, Calibri_MSFontService, sans-serif; font-size: 11pt;\">&nbsp;<\/span><\/p>\n                    <p><span style=\"font-family: Calibri, Calibri_EmbeddedFont, Calibri_MSFontService, sans-serif; font-size: 11pt;\">F\u00fcr alle mittels Querverweis (Link) verbundenen Webinhalte \u00fcbernimmt der Anbieter keine Verantwortung, da es sich hierbei nicht um eigene Inhalte handelt. Die verlinkten Seiten wurden auf rechtswidrige Inhalte \u00fcberpr\u00fcft, zum Zeitpunkt der Verlinkung waren solche nicht erkennbar. Verantwortlich f\u00fcr den Inhalt der verlinkten Seiten ist deren Betreiber. Der Anbieter hat hierzu keine allgemeine \u00dcberwachungs- und Pr\u00fcfungspflicht. Bei Bekanntwerden einer Rechtsverletzung wird der entsprechende Link jedoch umgehend entfernt.&nbsp;<\/span><\/p>\n                    <p><span style=\"font-family: Calibri, Calibri_EmbeddedFont, Calibri_MSFontService, sans-serif; font-size: 11pt;\">&nbsp;<\/span><\/p>\n                    <p><span style=\"font-family: Calibri, Calibri_EmbeddedFont, Calibri_MSFontService, sans-serif; font-size: 11pt;\">&nbsp;<\/span><\/p>\n                    <p>\n                      <br>\n                    <\/p>\n                  <\/div>\n                <\/div>\n              <\/div>\n            <\/div>\n          <\/div>\n        <\/div>\n      <\/div>\n    <\/div>\n  <\/div>\n<\/div>","protected":false},"excerpt":{"rendered":"<p>Angaben gem\u00e4\u00df \u00a7 5 TMG:&nbsp; S-Calade&nbsp;Ventures GmbH&nbsp; Goerzallee 299 14167 Berlin&nbsp; &nbsp; Vertreten durch:&nbsp; Gesch\u00e4ftsf\u00fchrer: Silvio von Kr\u00fcchten&nbsp; &nbsp; Kontakt:&nbsp; Email:&nbsp;info@s-calade.de&nbsp; Telefon:&nbsp;+49&nbsp;(0)&nbsp;30 23324268 &nbsp; &nbsp; Registereintrag: &nbsp; HRB-Nr.:&nbsp;HRB 146612 B&nbsp;&nbsp; Umsatzsteuer-ID:&nbsp;DE 321353423&nbsp; &nbsp; Verantwortlich f\u00fcr den Inhalt nach \u00a7 55 Abs. 2 RStV:&nbsp; &nbsp; Silvio von Kr\u00fcchten&nbsp; S-Calade&nbsp;Ventures GmbH&nbsp; Goerzallee 299&nbsp; 14167 Berlin&nbsp; &nbsp; Rechtliche [&hellip;]<\/p>\n","protected":false},"author":1,"featured_media":0,"parent":0,"menu_order":0,"comment_status":"closed","ping_status":"closed","template":"page-templates\/full-width-page.php","meta":[],"_links":{"self":[{"href":"https:\/\/s-calade.de\/index.php?rest_route=\/wp\/v2\/pages\/76"}],"collection":[{"href":"https:\/\/s-calade.de\/index.php?rest_route=\/wp\/v2\/pages"}],"about":[{"href":"https:\/\/s-calade.de\/index.php?rest_route=\/wp\/v2\/types\/page"}],"author":[{"embeddable":true,"href":"https:\/\/s-calade.de\/index.php?rest_route=\/wp\/v2\/users\/1"}],"replies":[{"embeddable":true,"href":"https:\/\/s-calade.de\/index.php?rest_route=%2Fwp%2Fv2%2Fcomments&post=76"}],"version-history":[{"count":4,"href":"https:\/\/s-calade.de\/index.php?rest_route=\/wp\/v2\/pages\/76\/revisions"}],"predecessor-version":[{"id":539,"href":"https:\/\/s-calade.de\/index.php?rest_route=\/wp\/v2\/pages\/76\/revisions\/539"}],"wp:attachment":[{"href":"https:\/\/s-calade.de\/index.php?rest_route=%2Fwp%2Fv2%2Fmedia&parent=76"}],"curies":[{"name":"wp","href":"https:\/\/api.w.org\/{rel}","templated":true}]}}